{"id":171,"date":"2021-05-05T15:20:38","date_gmt":"2021-05-05T13:20:38","guid":{"rendered":"https:\/\/isolationservices.be\/?page_id=171"},"modified":"2021-05-10T18:00:20","modified_gmt":"2021-05-10T16:00:20","slug":"presentation","status":"publish","type":"page","link":"https:\/\/isolationservices.be\/en\/presentation\/","title":{"rendered":"Presentation"},"content":{"rendered":"<div data-elementor-type=\"wp-page\" data-elementor-id=\"171\" class=\"elementor elementor-171\" data-elementor-post-type=\"page\">\n\t\t\t\t\t\t<section class=\"elementor-section elementor-top-section elementor-element elementor-element-dd93532 elementor-section-boxed elementor-section-height-default elementor-section-height-default\" data-id=\"dd93532\" data-element_type=\"section\" data-e-type=\"section\">\n\t\t\t\t\t\t<div class=\"elementor-container elementor-column-gap-default\">\n\t\t\t\t\t<div class=\"elementor-column elementor-col-100 elementor-top-column elementor-element elementor-element-367a894\" data-id=\"367a894\" data-element_type=\"column\" data-e-type=\"column\">\n\t\t\t<div class=\"elementor-widget-wrap elementor-element-populated\">\n\t\t\t\t\t\t<div class=\"elementor-element elementor-element-e9f5566 elementor-widget elementor-widget-heading\" data-id=\"e9f5566\" data-element_type=\"widget\" data-e-type=\"widget\" data-widget_type=\"heading.default\">\n\t\t\t\t<div class=\"elementor-widget-container\">\n\t\t\t\t\t<h1 class=\"elementor-heading-title elementor-size-default\">Presentation<\/h1>\t\t\t\t<\/div>\n\t\t\t\t<\/div>\n\t\t\t\t<section class=\"elementor-section elementor-inner-section elementor-element elementor-element-442b8b3 elementor-section-boxed elementor-section-height-default elementor-section-height-default elementor-invisible\" data-id=\"442b8b3\" data-element_type=\"section\" data-e-type=\"section\" data-settings=\"{&quot;animation&quot;:&quot;slideInLeft&quot;}\">\n\t\t\t\t\t\t<div class=\"elementor-container elementor-column-gap-default\">\n\t\t\t\t\t<div class=\"elementor-column elementor-col-50 elementor-inner-column elementor-element elementor-element-9c052fe\" data-id=\"9c052fe\" data-element_type=\"column\" data-e-type=\"column\">\n\t\t\t<div class=\"elementor-widget-wrap elementor-element-populated\">\n\t\t\t\t\t\t<div class=\"elementor-element elementor-element-2e72296 elementor-widget elementor-widget-text-editor\" data-id=\"2e72296\" data-element_type=\"widget\" data-e-type=\"widget\" data-widget_type=\"text-editor.default\">\n\t\t\t\t<div class=\"elementor-widget-container\">\n\t\t\t\t\t\t\t\t\t<p class=\"translation-block\">Created on March 09, 2007, ISOLATION SERVICES sprl is a company working mainly in the field of industrial insulation, industrial building and HVAC. <br> It is through the twenty years of experience of GENTILE Sergio and NANIOT Luc, the founding owners, that the desire to offer a service for the insulation of pipes, air ducts, devices, etc. has appeared. <br> Since its foundation, the goal has been always been quality and service. ISOLATION SERVICES consists of a staff of 10 units forming a real team.<\/p><p>All the members have been present in the company since at least 2010, which testifies to a certain constancy which makes it possible to ensure the quality and service of the work.<\/p>\t\t\t\t\t\t\t\t<\/div>\n\t\t\t\t<\/div>\n\t\t\t\t\t<\/div>\n\t\t<\/div>\n\t\t\t\t<div class=\"elementor-column elementor-col-50 elementor-inner-column elementor-element elementor-element-0658c7b\" data-id=\"0658c7b\" data-element_type=\"column\" data-e-type=\"column\">\n\t\t\t<div class=\"elementor-widget-wrap elementor-element-populated\">\n\t\t\t\t\t\t<div class=\"elementor-element elementor-element-4d7dec0 elementor-widget elementor-widget-image\" data-id=\"4d7dec0\" data-element_type=\"widget\" data-e-type=\"widget\" data-widget_type=\"image.default\">\n\t\t\t\t<div class=\"elementor-widget-container\">\n\t\t\t\t\t\t\t\t\t\t\t\t\t\t\t<img fetchpriority=\"high\" decoding=\"async\" width=\"2048\" height=\"1536\" src=\"https:\/\/isolationservices.be\/wp-content\/uploads\/IMG_01-scaled.jpg\" class=\"attachment-large size-large wp-image-185\" alt=\"Syst\u00e8me calorifuge central de l&#039;entreprise\" srcset=\"https:\/\/isolationservices.be\/wp-content\/uploads\/IMG_01-scaled.jpg 2048w, https:\/\/isolationservices.be\/wp-content\/uploads\/IMG_01-768x576.jpg 768w, https:\/\/isolationservices.be\/wp-content\/uploads\/IMG_01-1536x1152.jpg 1536w\" sizes=\"(max-width: 2048px) 100vw, 2048px\" \/>\t\t\t\t\t\t\t\t\t\t\t\t\t\t\t<\/div>\n\t\t\t\t<\/div>\n\t\t\t\t\t<\/div>\n\t\t<\/div>\n\t\t\t\t\t<\/div>\n\t\t<\/section>\n\t\t\t\t<section class=\"elementor-section elementor-inner-section elementor-element elementor-element-441606b elementor-reverse-tablet elementor-reverse-mobile elementor-section-boxed elementor-section-height-default elementor-section-height-default elementor-invisible\" data-id=\"441606b\" data-element_type=\"section\" data-e-type=\"section\" data-settings=\"{&quot;animation&quot;:&quot;slideInRight&quot;}\">\n\t\t\t\t\t\t<div class=\"elementor-container elementor-column-gap-default\">\n\t\t\t\t\t<div class=\"elementor-column elementor-col-50 elementor-inner-column elementor-element elementor-element-38091ed\" data-id=\"38091ed\" data-element_type=\"column\" data-e-type=\"column\">\n\t\t\t<div class=\"elementor-widget-wrap elementor-element-populated\">\n\t\t\t\t\t\t<div class=\"elementor-element elementor-element-d3c0f3a elementor-widget elementor-widget-image\" data-id=\"d3c0f3a\" data-element_type=\"widget\" data-e-type=\"widget\" data-widget_type=\"image.default\">\n\t\t\t\t<div class=\"elementor-widget-container\">\n\t\t\t\t\t\t\t\t\t\t\t\t\t\t\t<img decoding=\"async\" width=\"2048\" height=\"1536\" src=\"https:\/\/isolationservices.be\/wp-content\/uploads\/IMG_02-scaled.jpg\" class=\"attachment-large size-large wp-image-184\" alt=\"Isolation de tuyaux \u00e0 l\u2019aide de coquilles\" srcset=\"https:\/\/isolationservices.be\/wp-content\/uploads\/IMG_02-scaled.jpg 2048w, https:\/\/isolationservices.be\/wp-content\/uploads\/IMG_02-768x576.jpg 768w, https:\/\/isolationservices.be\/wp-content\/uploads\/IMG_02-1536x1152.jpg 1536w\" sizes=\"(max-width: 2048px) 100vw, 2048px\" \/>\t\t\t\t\t\t\t\t\t\t\t\t\t\t\t<\/div>\n\t\t\t\t<\/div>\n\t\t\t\t\t<\/div>\n\t\t<\/div>\n\t\t\t\t<div class=\"elementor-column elementor-col-50 elementor-inner-column elementor-element elementor-element-6d3276b\" data-id=\"6d3276b\" data-element_type=\"column\" data-e-type=\"column\">\n\t\t\t<div class=\"elementor-widget-wrap elementor-element-populated\">\n\t\t\t\t\t\t<div class=\"elementor-element elementor-element-3812962 elementor-widget elementor-widget-text-editor\" data-id=\"3812962\" data-element_type=\"widget\" data-e-type=\"widget\" data-widget_type=\"text-editor.default\">\n\t\t\t\t<div class=\"elementor-widget-container\">\n\t\t\t\t\t\t\t\t\t<p>Our customers are also very loyal to us and are located in the Li\u00e8ge steel basin, but also in Namur, Charleroi, Louvain-la-neuve, Brussels and very often Flanders as well.<\/p><p>Our manufacturing workshop allows us to make \"tailor-made\" items for all parts in aluminum, stainless steel or galvanized sheet ranging from a thickness of 0.4mm to 1.2mm. Our site teams want to be qualified for all work such as:<\/p><ul><li>\u00a0Insulation of pipes or devices of steam, hot water using shells, rock wool or similar<\/li><li>\u00a0Insulation of pipes or chilled water devices using Armaflex shells (or similar) or polyurethane shells<\/li><li>\u00a0Air duct insulation using AluKraft glass wool mattresses or similar<\/li><li>\u00a0Placement of air ducts (small installations)<\/li><li>\u00a0Finishes with prefabricated sheets in our workshop<\/li><li>\u00a0PVC finishes for HVAC work<\/li><\/ul>\t\t\t\t\t\t\t\t<\/div>\n\t\t\t\t<\/div>\n\t\t\t\t\t<\/div>\n\t\t<\/div>\n\t\t\t\t\t<\/div>\n\t\t<\/section>\n\t\t\t\t\t<\/div>\n\t\t<\/div>\n\t\t\t\t\t<\/div>\n\t\t<\/section>\n\t\t\t\t<\/div>","protected":false},"excerpt":{"rendered":"<p>Pr\u00e9sentation Cr\u00e9\u00e9e le 09 mars 2007, la sprl ISOLATION SERVICES est une entreprise oeuvrant principalement dans le domaine de l\u2019isolation industrielle, du b\u00e2timent industriel et de l\u2019HVAC.C\u2019est \u00e0 travers les vingt ann\u00e9es d\u2019exp\u00e9riences de GENTILE Sergio et NANIOT Luc, les patrons fondateurs, que l\u2019envie d\u2019offrir un service pour le calorifugeage des tuyauteries, des gaines d\u2019air, [&hellip;]<\/p>\n","protected":false},"author":1,"featured_media":0,"parent":0,"menu_order":0,"comment_status":"closed","ping_status":"closed","template":"","meta":{"footnotes":""},"class_list":["post-171","page","type-page","status-publish","hentry"],"_links":{"self":[{"href":"https:\/\/isolationservices.be\/en\/wp-json\/wp\/v2\/pages\/171","targetHints":{"allow":["GET"]}}],"collection":[{"href":"https:\/\/isolationservices.be\/en\/wp-json\/wp\/v2\/pages"}],"about":[{"href":"https:\/\/isolationservices.be\/en\/wp-json\/wp\/v2\/types\/page"}],"author":[{"embeddable":true,"href":"https:\/\/isolationservices.be\/en\/wp-json\/wp\/v2\/users\/1"}],"replies":[{"embeddable":true,"href":"https:\/\/isolationservices.be\/en\/wp-json\/wp\/v2\/comments?post=171"}],"version-history":[{"count":0,"href":"https:\/\/isolationservices.be\/en\/wp-json\/wp\/v2\/pages\/171\/revisions"}],"wp:attachment":[{"href":"https:\/\/isolationservices.be\/en\/wp-json\/wp\/v2\/media?parent=171"}],"curies":[{"name":"wp","href":"https:\/\/api.w.org\/{rel}","templated":true}]}}