{"id":2,"date":"2021-03-30T10:00:50","date_gmt":"2021-03-30T08:00:50","guid":{"rendered":"https:\/\/isolationservices.be\/?page_id=2"},"modified":"2024-09-23T16:10:38","modified_gmt":"2024-09-23T14:10:38","slug":"accueil","status":"publish","type":"page","link":"https:\/\/isolationservices.be\/nl\/","title":{"rendered":"Home"},"content":{"rendered":"<div data-elementor-type=\"wp-page\" data-elementor-id=\"2\" class=\"elementor elementor-2\" data-elementor-post-type=\"page\">\n\t\t\t\t\t\t<section class=\"elementor-section elementor-top-section elementor-element elementor-element-6b612fd9 elementor-section-height-min-height elementor-section-boxed elementor-section-height-default elementor-section-items-middle\" data-id=\"6b612fd9\" data-element_type=\"section\" data-e-type=\"section\" data-settings=\"{&quot;background_background&quot;:&quot;classic&quot;}\">\n\t\t\t\t\t\t\t<div class=\"elementor-background-overlay\"><\/div>\n\t\t\t\t\t\t\t<div class=\"elementor-container elementor-column-gap-default\">\n\t\t\t\t\t<div class=\"elementor-column elementor-col-100 elementor-top-column elementor-element elementor-element-5d0ed8f elementor-invisible\" data-id=\"5d0ed8f\" data-element_type=\"column\" data-e-type=\"column\" data-settings=\"{&quot;animation&quot;:&quot;fadeIn&quot;}\">\n\t\t\t<div class=\"elementor-widget-wrap elementor-element-populated\">\n\t\t\t\t\t\t<div class=\"elementor-element elementor-element-13511b4 elementor-widget elementor-widget-heading\" data-id=\"13511b4\" data-element_type=\"widget\" data-e-type=\"widget\" data-widget_type=\"heading.default\">\n\t\t\t\t<div class=\"elementor-widget-container\">\n\t\t\t\t\t<h1 class=\"elementor-heading-title elementor-size-default\">Isolation Services, een team van isolatoren om u tevreden te stellen.<\/h1>\t\t\t\t<\/div>\n\t\t\t\t<\/div>\n\t\t\t\t\t<\/div>\n\t\t<\/div>\n\t\t\t\t\t<\/div>\n\t\t<\/section>\n\t\t\t\t<section class=\"elementor-section elementor-top-section elementor-element elementor-element-0b7f0cd elementor-section-boxed elementor-section-height-default elementor-section-height-default elementor-invisible\" data-id=\"0b7f0cd\" data-element_type=\"section\" data-e-type=\"section\" data-settings=\"{&quot;animation&quot;:&quot;slideInUp&quot;}\">\n\t\t\t\t\t\t<div class=\"elementor-container elementor-column-gap-default\">\n\t\t\t\t\t<div class=\"elementor-column elementor-col-100 elementor-top-column elementor-element elementor-element-a5ffdc5\" data-id=\"a5ffdc5\" data-element_type=\"column\" data-e-type=\"column\">\n\t\t\t<div class=\"elementor-widget-wrap elementor-element-populated\">\n\t\t\t\t\t\t<div class=\"elementor-element elementor-element-07386b6 elementor-widget elementor-widget-text-editor\" data-id=\"07386b6\" data-element_type=\"widget\" data-e-type=\"widget\" data-widget_type=\"text-editor.default\">\n\t\t\t\t<div class=\"elementor-widget-container\">\n\t\t\t\t\t\t\t\t\t<p>Sinds 2007 stellen Sergio Gentile en Luc Naniot, evenals hun team, hun vaardigheden en hun ernst ter beschikking om aan uw eisen inzake isolatiewerkzaamheden te voldoen.<\/p>\t\t\t\t\t\t\t\t<\/div>\n\t\t\t\t<\/div>\n\t\t\t\t<div class=\"elementor-element elementor-element-7d571f5 elementor-widget elementor-widget-heading\" data-id=\"7d571f5\" data-element_type=\"widget\" data-e-type=\"widget\" data-widget_type=\"heading.default\">\n\t\t\t\t<div class=\"elementor-widget-container\">\n\t\t\t\t\t<span class=\"elementor-heading-title elementor-size-default\">Onze sterke punten:<\/span>\t\t\t\t<\/div>\n\t\t\t\t<\/div>\n\t\t\t\t<section class=\"elementor-section elementor-inner-section elementor-element elementor-element-cf62e19 elementor-hidden-tablet elementor-hidden-phone elementor-section-boxed elementor-section-height-default elementor-section-height-default\" data-id=\"cf62e19\" data-element_type=\"section\" data-e-type=\"section\">\n\t\t\t\t\t\t<div class=\"elementor-container elementor-column-gap-default\">\n\t\t\t\t\t<div class=\"elementor-column elementor-col-100 elementor-inner-column elementor-element elementor-element-06db9bc\" data-id=\"06db9bc\" data-element_type=\"column\" data-e-type=\"column\">\n\t\t\t<div class=\"elementor-widget-wrap elementor-element-populated\">\n\t\t\t\t\t\t<div class=\"elementor-element elementor-element-320dac7 elementor-position-left elementor-vertical-align-middle elementor-widget elementor-widget-image-box\" data-id=\"320dac7\" data-element_type=\"widget\" data-e-type=\"widget\" data-widget_type=\"image-box.default\">\n\t\t\t\t<div class=\"elementor-widget-container\">\n\t\t\t\t\t<div class=\"elementor-image-box-wrapper\"><figure class=\"elementor-image-box-img\"><img decoding=\"async\" width=\"98\" height=\"78\" src=\"https:\/\/isolationservices.be\/wp-content\/uploads\/experience.png\" class=\"attachment-full size-full wp-image-164\" alt=\"Ic\u00f4ne des ann\u00e9es d&#039;exp\u00e9riences de Isolation Services\" \/><\/figure><div class=\"elementor-image-box-content\"><span class=\"elementor-image-box-title\">Meer dan 20 jaar ervaring op het gebied van thermische isolatie.<\/span><\/div><\/div>\t\t\t\t<\/div>\n\t\t\t\t<\/div>\n\t\t\t\t<div class=\"elementor-element elementor-element-1aef59d elementor-position-left elementor-vertical-align-middle elementor-widget elementor-widget-image-box\" data-id=\"1aef59d\" data-element_type=\"widget\" data-e-type=\"widget\" data-widget_type=\"image-box.default\">\n\t\t\t\t<div class=\"elementor-widget-container\">\n\t\t\t\t\t<div class=\"elementor-image-box-wrapper\"><figure class=\"elementor-image-box-img\"><img decoding=\"async\" width=\"88\" height=\"88\" src=\"https:\/\/isolationservices.be\/wp-content\/uploads\/medaille.png\" class=\"attachment-full size-full wp-image-165\" alt=\"Ic\u00f4ne du travail de qualit\u00e9 de Isolation Services\" \/><\/figure><div class=\"elementor-image-box-content\"><span class=\"elementor-image-box-title\">Serieus en kwalitatief werk.<\/span><\/div><\/div>\t\t\t\t<\/div>\n\t\t\t\t<\/div>\n\t\t\t\t<div class=\"elementor-element elementor-element-d642577 elementor-position-left elementor-vertical-align-middle elementor-widget elementor-widget-image-box\" data-id=\"d642577\" data-element_type=\"widget\" data-e-type=\"widget\" data-widget_type=\"image-box.default\">\n\t\t\t\t<div class=\"elementor-widget-container\">\n\t\t\t\t\t<div class=\"elementor-image-box-wrapper\"><figure class=\"elementor-image-box-img\"><img decoding=\"async\" width=\"96\" height=\"88\" src=\"https:\/\/isolationservices.be\/wp-content\/uploads\/balance.png\" class=\"attachment-full size-full wp-image-163\" alt=\"Ic\u00f4ne des tarifs et services de Isolation Services\" \/><\/figure><div class=\"elementor-image-box-content\"><span class=\"elementor-image-box-title\">Aangepaste prijzen en service.<\/span><\/div><\/div>\t\t\t\t<\/div>\n\t\t\t\t<\/div>\n\t\t\t\t<div class=\"elementor-element elementor-element-f4a10c4 elementor-position-left elementor-vertical-align-middle elementor-widget elementor-widget-image-box\" data-id=\"f4a10c4\" data-element_type=\"widget\" data-e-type=\"widget\" data-widget_type=\"image-box.default\">\n\t\t\t\t<div class=\"elementor-widget-container\">\n\t\t\t\t\t<div class=\"elementor-image-box-wrapper\"><figure class=\"elementor-image-box-img\"><img loading=\"lazy\" decoding=\"async\" width=\"80\" height=\"98\" src=\"https:\/\/isolationservices.be\/wp-content\/uploads\/tableau.png\" class=\"attachment-full size-full wp-image-166\" alt=\"Ic\u00f4ne du respect des exigences de Isolation Services\" \/><\/figure><div class=\"elementor-image-box-content\"><span class=\"elementor-image-box-title\">Een organisatie die aan uw eisen voldoet.<\/span><\/div><\/div>\t\t\t\t<\/div>\n\t\t\t\t<\/div>\n\t\t\t\t\t<\/div>\n\t\t<\/div>\n\t\t\t\t\t<\/div>\n\t\t<\/section>\n\t\t\t\t<section class=\"elementor-section elementor-inner-section elementor-element elementor-element-711e6b5 elementor-hidden-desktop elementor-section-boxed elementor-section-height-default elementor-section-height-default\" data-id=\"711e6b5\" data-element_type=\"section\" data-e-type=\"section\">\n\t\t\t\t\t\t<div class=\"elementor-container elementor-column-gap-default\">\n\t\t\t\t\t<div class=\"elementor-column elementor-col-100 elementor-inner-column elementor-element elementor-element-a66ac9f\" data-id=\"a66ac9f\" data-element_type=\"column\" data-e-type=\"column\">\n\t\t\t<div class=\"elementor-widget-wrap elementor-element-populated\">\n\t\t\t\t\t\t<div class=\"elementor-element elementor-element-a4099ae elementor-position-top elementor-widget elementor-widget-image-box\" data-id=\"a4099ae\" data-element_type=\"widget\" data-e-type=\"widget\" data-widget_type=\"image-box.default\">\n\t\t\t\t<div class=\"elementor-widget-container\">\n\t\t\t\t\t<div class=\"elementor-image-box-wrapper\"><figure class=\"elementor-image-box-img\"><img decoding=\"async\" width=\"98\" height=\"78\" src=\"https:\/\/isolationservices.be\/wp-content\/uploads\/experience.png\" class=\"attachment-full size-full wp-image-164\" alt=\"Ic\u00f4ne des ann\u00e9es d&#039;exp\u00e9riences de Isolation Services\" \/><\/figure><div class=\"elementor-image-box-content\"><span class=\"elementor-image-box-title\">Meer dan 20 jaar ervaring op het gebied van thermische isolatie.<\/span><\/div><\/div>\t\t\t\t<\/div>\n\t\t\t\t<\/div>\n\t\t\t\t<div class=\"elementor-element elementor-element-96c06f2 elementor-position-top elementor-widget elementor-widget-image-box\" data-id=\"96c06f2\" data-element_type=\"widget\" data-e-type=\"widget\" data-widget_type=\"image-box.default\">\n\t\t\t\t<div class=\"elementor-widget-container\">\n\t\t\t\t\t<div class=\"elementor-image-box-wrapper\"><figure class=\"elementor-image-box-img\"><img decoding=\"async\" width=\"88\" height=\"88\" src=\"https:\/\/isolationservices.be\/wp-content\/uploads\/medaille.png\" class=\"attachment-full size-full wp-image-165\" alt=\"Ic\u00f4ne du travail de qualit\u00e9 de Isolation Services\" \/><\/figure><div class=\"elementor-image-box-content\"><span class=\"elementor-image-box-title\">Serieus en kwalitatief werk.<\/span><\/div><\/div>\t\t\t\t<\/div>\n\t\t\t\t<\/div>\n\t\t\t\t<div class=\"elementor-element elementor-element-2522ac2 elementor-position-top elementor-widget elementor-widget-image-box\" data-id=\"2522ac2\" data-element_type=\"widget\" data-e-type=\"widget\" data-widget_type=\"image-box.default\">\n\t\t\t\t<div class=\"elementor-widget-container\">\n\t\t\t\t\t<div class=\"elementor-image-box-wrapper\"><figure class=\"elementor-image-box-img\"><img decoding=\"async\" width=\"96\" height=\"88\" src=\"https:\/\/isolationservices.be\/wp-content\/uploads\/balance.png\" class=\"attachment-full size-full wp-image-163\" alt=\"Ic\u00f4ne des tarifs et services de Isolation Services\" \/><\/figure><div class=\"elementor-image-box-content\"><span class=\"elementor-image-box-title\">Aangepaste prijzen en service.<\/span><\/div><\/div>\t\t\t\t<\/div>\n\t\t\t\t<\/div>\n\t\t\t\t<div class=\"elementor-element elementor-element-197d0d5 elementor-position-top elementor-widget elementor-widget-image-box\" data-id=\"197d0d5\" data-element_type=\"widget\" data-e-type=\"widget\" data-widget_type=\"image-box.default\">\n\t\t\t\t<div class=\"elementor-widget-container\">\n\t\t\t\t\t<div class=\"elementor-image-box-wrapper\"><figure class=\"elementor-image-box-img\"><img loading=\"lazy\" decoding=\"async\" width=\"80\" height=\"98\" src=\"https:\/\/isolationservices.be\/wp-content\/uploads\/tableau.png\" class=\"attachment-full size-full wp-image-166\" alt=\"Ic\u00f4ne du respect des exigences de Isolation Services\" \/><\/figure><div class=\"elementor-image-box-content\"><span class=\"elementor-image-box-title\">Een organisatie die aan uw eisen voldoet.<\/span><\/div><\/div>\t\t\t\t<\/div>\n\t\t\t\t<\/div>\n\t\t\t\t\t<\/div>\n\t\t<\/div>\n\t\t\t\t\t<\/div>\n\t\t<\/section>\n\t\t\t\t\t<\/div>\n\t\t<\/div>\n\t\t\t\t\t<\/div>\n\t\t<\/section>\n\t\t\t\t<\/div>","protected":false},"excerpt":{"rendered":"<p>Isolation Services, une \u00e9quipe de calorifugeurs pour vous satisfaire. Depuis 2007, Sergio Gentile et Luc Naniot ainsi que leur \u00e9quipe, mettent \u00e0 votre disposition leurs comp\u00e9tences et leur s\u00e9rieux afin de r\u00e9pondre \u00e0 vos exigences en mati\u00e8re de travaux d\u2019isolation. Nos points forts : Plus de 20 ann\u00e9es d&rsquo;exp\u00e9rience dans le domaine du calorifuge. Un [&hellip;]<\/p>\n","protected":false},"author":1,"featured_media":147,"parent":0,"menu_order":0,"comment_status":"closed","ping_status":"closed","template":"","meta":{"footnotes":""},"class_list":["post-2","page","type-page","status-publish","has-post-thumbnail","hentry"],"_links":{"self":[{"href":"https:\/\/isolationservices.be\/nl\/wp-json\/wp\/v2\/pages\/2","targetHints":{"allow":["GET"]}}],"collection":[{"href":"https:\/\/isolationservices.be\/nl\/wp-json\/wp\/v2\/pages"}],"about":[{"href":"https:\/\/isolationservices.be\/nl\/wp-json\/wp\/v2\/types\/page"}],"author":[{"embeddable":true,"href":"https:\/\/isolationservices.be\/nl\/wp-json\/wp\/v2\/users\/1"}],"replies":[{"embeddable":true,"href":"https:\/\/isolationservices.be\/nl\/wp-json\/wp\/v2\/comments?post=2"}],"version-history":[{"count":3,"href":"https:\/\/isolationservices.be\/nl\/wp-json\/wp\/v2\/pages\/2\/revisions"}],"predecessor-version":[{"id":559,"href":"https:\/\/isolationservices.be\/nl\/wp-json\/wp\/v2\/pages\/2\/revisions\/559"}],"wp:featuredmedia":[{"embeddable":true,"href":"https:\/\/isolationservices.be\/nl\/wp-json\/wp\/v2\/media\/147"}],"wp:attachment":[{"href":"https:\/\/isolationservices.be\/nl\/wp-json\/wp\/v2\/media?parent=2"}],"curies":[{"name":"wp","href":"https:\/\/api.w.org\/{rel}","templated":true}]}}